{"id":10,"date":"2010-08-10T19:11:26","date_gmt":"2010-08-10T19:11:26","guid":{"rendered":"http:\/\/www.monbug.org\/dev\/"},"modified":"2021-01-20T17:18:42","modified_gmt":"2021-01-20T22:18:42","slug":"agenda-2","status":"publish","type":"page","link":"http:\/\/monbug.ca\/fr\/agenda-2\/","title":{"rendered":"Agenda"},"content":{"rendered":"<p>Inscrivez-vous \u00e0 nos r\u00e9unions sur <a href=\"http:\/\/www.meetup.com\/monBUG\/\">http:\/\/www.meetup.com\/monbug<\/a>\u00a0pour voir l&rsquo;agenda complet.<br \/>\nSi vous pr\u00e9f\u00e9rez ne pas utiliser Meetup, vous pouvez aussi vous inscrire en\u00a0nous envoyant un courriel \u00e0 inscription@monbug.ca.<br \/>\nAussi, n&rsquo;h\u00e9sitez pas \u00e0 vous porter volontaire pour donner une pr\u00e9sentation! Contactez-nous \u00e0 info@monbug.ca.<\/p>\n<p>Vous trouverez plus bas les d\u00e9tails des \u00e9v\u00e9nements organis\u00e9s par MonBUG ainsi que des informations sur d&rsquo;autres \u00e9v\u00e9nements organis\u00e9s dans la communaut\u00e9 bio-informatique.<\/p>\n<h2>\u00c0 venir<\/h2>\n<div class=\"simcal-calendar simcal-default-calendar simcal-default-calendar-list simcal-default-calendar-light\" data-calendar-id=\"1761\" data-timezone=\"America\/Toronto\" data-offset=\"-14400\" data-week-start=\"0\" data-calendar-start=\"1776312000\" data-calendar-end=\"1776312000\" data-events-first=\"0\" data-events-last=\"0\"><div class=\"simcal-calendar-list \"><dl class=\"simcal-events-list-container\" data-prev=\"1773633600\" data-next=\"1778904000\" data-heading-small=\"Avr - Mai 2026\" data-heading-large=\"avril - mai, 2026\">\t<p>Rien de 16 avril 2026 \u00e0 16 mai 2026.\t<\/p>\n<\/dl><div class=\"simcal-ajax-loader simcal-spinner-top\" style=\"display: none;\"><i class=\"simcal-icon-spinner simcal-icon-spin\"><\/i><\/div><\/div><\/div>\n","protected":false},"excerpt":{"rendered":"<p>Inscrivez-vous \u00e0 nos r\u00e9unions sur http:\/\/www.meetup.com\/monbug\u00a0pour voir l&rsquo;agenda complet. Si vous pr\u00e9f\u00e9rez ne pas utiliser Meetup, vous pouvez aussi vous inscrire en\u00a0nous envoyant un courriel \u00e0 inscription@monbug.ca. Aussi, n&rsquo;h\u00e9sitez pas \u00e0 vous porter volontaire pour donner une pr\u00e9sentation! Contactez-nous \u00e0 info@monbug.ca. Vous trouverez plus bas les d\u00e9tails des \u00e9v\u00e9nements organis\u00e9s par MonBUG ainsi que des [&hellip;]<\/p>\n","protected":false},"author":1,"featured_media":0,"parent":0,"menu_order":0,"comment_status":"closed","ping_status":"open","template":"","meta":{"footnotes":""},"class_list":["post-10","page","type-page","status-publish"],"_links":{"self":[{"href":"http:\/\/monbug.ca\/fr\/wp-json\/wp\/v2\/pages\/10","targetHints":{"allow":["GET"]}}],"collection":[{"href":"http:\/\/monbug.ca\/fr\/wp-json\/wp\/v2\/pages"}],"about":[{"href":"http:\/\/monbug.ca\/fr\/wp-json\/wp\/v2\/types\/page"}],"author":[{"embeddable":true,"href":"http:\/\/monbug.ca\/fr\/wp-json\/wp\/v2\/users\/1"}],"replies":[{"embeddable":true,"href":"http:\/\/monbug.ca\/fr\/wp-json\/wp\/v2\/comments?post=10"}],"version-history":[{"count":73,"href":"http:\/\/monbug.ca\/fr\/wp-json\/wp\/v2\/pages\/10\/revisions"}],"predecessor-version":[{"id":1789,"href":"http:\/\/monbug.ca\/fr\/wp-json\/wp\/v2\/pages\/10\/revisions\/1789"}],"wp:attachment":[{"href":"http:\/\/monbug.ca\/fr\/wp-json\/wp\/v2\/media?parent=10"}],"curies":[{"name":"wp","href":"https:\/\/api.w.org\/{rel}","templated":true}]}}