{"id":1716,"date":"2020-12-16T18:41:05","date_gmt":"2020-12-16T23:41:05","guid":{"rendered":"http:\/\/monbug.jplaverdure.ca\/?page_id=1716"},"modified":"2021-01-10T16:02:49","modified_gmt":"2021-01-10T21:02:49","slug":"accueil","status":"publish","type":"page","link":"http:\/\/monbug.ca\/fr\/","title":{"rendered":"Accueil"},"content":{"rendered":"<div class=\"wpb-content-wrapper\"><p>[vc_row][vc_column]\t\t\n\n\t\t<div id=\"gp_posts_wrapper_1\" class=\"gp-posts-wrapper gp-ajax-element gp-posts-large gp-style-modern gp-align-left gp-no-ranking\" data-type=\"posts\" data-currentpostid=\"1716\" data-posttypes=\"post\" data-format=\"gp-posts-large\" data-style=\"gp-style-modern\" data-orderby=\"newest\" data-perpage=\"1\" data-imagesize=\"gp_featured_image\" data-contentdisplay=\"full_content\" data-excerptlength=\"160\" data-metaauthor=\"1\" data-metadate=\"1\" data-readmorelink=\"disabled\" data-pagination=\"disabled\" data-pagearrows=\"disabled\" data-ranking=\"gp-no-ranking\">\n\t\t\t\n\t\t\t<div class=\"gp-widget-title\">\n\t\t\t\t\n\t\t\t\t\t\t\t\t\n\t\t\t\t<h3 class=\"widget-title\">Nouvelles<\/h3>\t\t\t\t\t\n\t\t\t\t\t\t\t\t\t\t\t\t\t\t\t\t\t\t\t\t\t\t\t\t\t\t\n\t\t\t\t\t\t\n\t\t\t<\/div>\n\t\t\t\n\t\t\t\t\t\t\t\n\t\t\t\t<div class=\"gp-section-loop gp-ajax-loop\">\n\n\t\t\t\t\t\t\t\t\t\n\t\t\t\t\t<div class=\"gp-section-loop-inner\">\t\t\t\t\t\t\t\n\n\t\t\t\t\t\t\t\t\t\t\t\n\t\t\t\t\t\t\n<section class=\"gp-post-item post-2381 post type-post status-publish format-standard category-activites-monbug category-page-accueil category-rencontres\">\n\n\t\t\n\n\t\t\t\n\n\t\n\t<div class=\"gp-loop-content\">\n\n\t\t\n\t\t<h2 class=\"gp-loop-title\"><a href=\"http:\/\/monbug.ca\/fr\/octobre-2025\/\" title=\"Octobre 2025\">Octobre 2025<\/a><\/h2>\n\n\t\t\n\t<div class=\"gp-loop-meta\">\n\n\t\t<span class=\"gp-post-meta gp-meta-author\"><a href=\"http:\/\/monbug.ca\/fr\/author\/webmaster\/\">webmaster<\/a><\/span>\n\t\t\t\n\t\t\t<span class=\"gp-post-meta gp-meta-date\"><a href=\"http:\/\/monbug.ca\/fr\/octobre-2025\/\" title=\"Octobre 2025\"><time datetime=\"2025-10-25T15:32:45-04:00\">25 octobre 2025<\/time><\/a><\/span>\n\t\t\n\t\t\n\t\t\t\t\n\n\t\t\n\t\t\t\n\t<\/div>\n\n\t\t\n\t\t\n\t\t\t<div class=\"gp-loop-text\">\n\t\t\t\t<p><img loading=\"lazy\" decoding=\"async\" class=\"alignnone size-large wp-image-2379\" src=\"http:\/\/monbug.ca\/wp-content\/uploads\/2025\/10\/oct_2025-1024x576.avif\" alt=\"\" width=\"1024\" height=\"576\" srcset=\"http:\/\/monbug.ca\/wp-content\/uploads\/2025\/10\/oct_2025-1024x576.avif 1024w, http:\/\/monbug.ca\/wp-content\/uploads\/2025\/10\/oct_2025-300x169.avif 300w, http:\/\/monbug.ca\/wp-content\/uploads\/2025\/10\/oct_2025-768x432.avif 768w, http:\/\/monbug.ca\/wp-content\/uploads\/2025\/10\/oct_2025.avif 1280w\" sizes=\"auto, (max-width: 1024px) 100vw, 1024px\" \/><\/p>\n<p class=\"mb-4\">Rejoignez-nous le mercredi\u00a0<strong>29 octobre 2025<\/strong>\u00a0\u00e0\u00a0<strong>17 h 30<\/strong>\u00a0sur le\u00a0<strong>campus de l\u2019UQAM<\/strong>\u00a0pour notre prochaine rencontre MonBUG et assistez \u00e0 la pr\u00e9sentation de\u00a0<strong>David Bujold<\/strong>, chef de l\u2019unit\u00e9 des donn\u00e9es au\u00a0<strong>Centre canadien de g\u00e9nomique computationnelle (C3G)<\/strong>, qui discutera de la\u00a0<strong>Biblioth\u00e8que pan-canadienne du g\u00e9nome (PCGL)<\/strong>, qui pr\u00e9sentera sa conf\u00e9rence intitul\u00e9e :\u00a0<em>\u00ab\u00a0<strong>La Biblioth\u00e8que pan-canadienne du g\u00e9nome : exploiter les standards GA4GH pour une g\u00e9nomique s\u00e9curis\u00e9e, FAIR et f\u00e9d\u00e9r\u00e9e.<\/strong>\u00a0\u00bb<\/em><\/p>\n<p class=\"mb-4\">Cette pr\u00e9sentation introduira la Biblioth\u00e8que pan-canadienne du g\u00e9nome (PCGL), un effort national pour am\u00e9liorer la fa\u00e7on dont les donn\u00e9es de recherche g\u00e9nomique sont g\u00e9r\u00e9es, archiv\u00e9es et partag\u00e9es au Canada. Nous aborderons la fa\u00e7on dont la PCGL utilise les normes de la Global Alliance for Genomics and Health (GA4GH), notamment Beacon et la Data Use Ontology, afin de rendre les donn\u00e9es plus faciles \u00e0 trouver, \u00e0 acc\u00e9der et \u00e0 utiliser de mani\u00e8re responsable. La pr\u00e9sentation expliquera comment, en s\u2019appuyant sur ces normes mondiales, la PCGL peut aider les chercheurs \u00e0 collaborer plus efficacement, soutenant ainsi la recherche et les applications cliniques.<\/p>\n<p class=\"mb-4\"><strong>\ud83d\udccd UQAM \u2013 PK4610, 201 Av. du Pr\u00e9sident-Kennedy, Montr\u00e9al, QC H2X 2J5<\/strong><\/p>\n<p class=\"mb-4\">Au plaisir de vous y voir nombreux !<\/p>\n<p class=\"mb-4\">*P.-S. : Si vous souhaitez pr\u00e9senter lors d\u2019un prochain \u00e9v\u00e9nement MonBUG, contactez-nous via LinkedIn ou par courriel \u00e0 info[AROBAS]<a class=\"!text-viridian\" href=\"http:\/\/monbug.ca.%2A\/\" target=\"_blank\" rel=\"nofollow noopener ugc\">monbug.ca.*<\/a><\/p>\n\t\t\t<\/div>\n\n\t\t\t\n\n\t\t\n\t\t\n\t<\/div>\t\n\n<\/section>\t\t\t\t\t\t\n\t\t\t\t\t<\/div>\n\n\t\t\t\t\t\t\t\t\t\t\n\t\t\t\t<\/div>\t\n\t\t\t\t\t\t\t\t\t\t\t\t\t\t\t\t\t\t\n\t\t\t\t\n\t\t\t\t\t\t\t\t\t\t\n\t\t<\/div>\n\n\t\t\t\t\t\t\t\t\t\t\t\n\t\t[\/vc_column][\/vc_row]<\/p>\n<\/div>","protected":false},"excerpt":{"rendered":"<p>[vc_row][vc_column][\/vc_column][\/vc_row]<\/p>\n","protected":false},"author":4,"featured_media":0,"parent":0,"menu_order":0,"comment_status":"closed","ping_status":"closed","template":"","meta":{"footnotes":""},"class_list":["post-1716","page","type-page","status-publish"],"_links":{"self":[{"href":"http:\/\/monbug.ca\/fr\/wp-json\/wp\/v2\/pages\/1716","targetHints":{"allow":["GET"]}}],"collection":[{"href":"http:\/\/monbug.ca\/fr\/wp-json\/wp\/v2\/pages"}],"about":[{"href":"http:\/\/monbug.ca\/fr\/wp-json\/wp\/v2\/types\/page"}],"author":[{"embeddable":true,"href":"http:\/\/monbug.ca\/fr\/wp-json\/wp\/v2\/users\/4"}],"replies":[{"embeddable":true,"href":"http:\/\/monbug.ca\/fr\/wp-json\/wp\/v2\/comments?post=1716"}],"version-history":[{"count":4,"href":"http:\/\/monbug.ca\/fr\/wp-json\/wp\/v2\/pages\/1716\/revisions"}],"predecessor-version":[{"id":1750,"href":"http:\/\/monbug.ca\/fr\/wp-json\/wp\/v2\/pages\/1716\/revisions\/1750"}],"wp:attachment":[{"href":"http:\/\/monbug.ca\/fr\/wp-json\/wp\/v2\/media?parent=1716"}],"curies":[{"name":"wp","href":"https:\/\/api.w.org\/{rel}","templated":true}]}}