{"id":20,"date":"2010-08-10T19:22:48","date_gmt":"2010-08-10T19:22:48","guid":{"rendered":"http:\/\/www.monbug.org\/dev\/"},"modified":"2022-01-05T19:13:46","modified_gmt":"2022-01-06T00:13:46","slug":"a-propos","status":"publish","type":"page","link":"https:\/\/monbug.ca\/fr\/a-propos\/","title":{"rendered":"\u00c0 propos"},"content":{"rendered":"<div class=\"wpb-content-wrapper\"><p>[vc_row][vc_column][vc_column_text bb_tab_container=\u00a0\u00bb\u00a0\u00bb]<\/p>\r\n<p>MonBUG (Groupe d&rsquo;int\u00e9r\u00eat en bio-informatique de Montr\u00e9al) est une association de chercheurs, professionnels et \u00e9tudiants de la grande r\u00e9gion de Montr\u00e9al qui partagent un int\u00e9r\u00eat pour la bio-informatique. \u00a0Au cours de nos rencontres, nous pr\u00e9sentons nos travaux, posons des questions et partageons nos id\u00e9es ainsi que des trucs et astuces pratiques.<\/p>\r\n\r\n<p>Pour conna\u00eetre les \u00e9v\u00e9nements bio-informatiques \u00e0 Vancouver et Toronto, visitez <a href=\"http:\/\/www.vanbug.org\/\" target=\"_blank\" rel=\"noopener noreferrer\">VanBUG<\/a> et\u00a0<a href=\"http:\/\/www.torbug.org\" target=\"_blank\" rel=\"noopener noreferrer\">TorBUG<\/a>.<\/p>\r\n<p>&nbsp;<\/p>\r\n\r\n<p><strong>L&rsquo;\u00e9quipe organisatrice de MonBUG:<\/strong><\/p>\r\n\r\n\r\n\r\n<div class=\"wp-block-columns is-layout-flex wp-container-core-columns-is-layout-9d6595d7 wp-block-columns-is-layout-flex\">\r\n<div class=\"wp-block-column is-layout-flow wp-block-column-is-layout-flow\">\r\n<p><strong>Yasmine Draceni <\/strong>(My Intelligent Machines),<br \/>Coordinatrice<\/p>\r\n<\/div>\r\n\r\n\r\n\r\n<div class=\"wp-block-column is-layout-flow wp-block-column-is-layout-flow\">\r\n<p><strong>Virginie Calderon<\/strong> (IRCM)<br \/>Lien avec l&rsquo;IRCM<\/p>\r\n<\/div>\r\n\r\n\r\n\r\n<div class=\"wp-block-column is-layout-flow wp-block-column-is-layout-flow\">\r\n<p><strong>Sandrine Soeharjono <\/strong>(My Intelligent Machines),<br \/>Lien avec l&rsquo;industrie et recrutement de pr\u00e9sentateurs<\/p>\r\n<\/div>\r\n<\/div>\r\n<!-- \/wp:post-content -->\r\n\r\n<!-- wp:columns -->\r\n<div class=\"wp-block-columns\"><!-- wp:column -->\r\n<div class=\"wp-block-column\">\r\n<p><!-- wp:paragraph --><strong>Mathieu Lajoie<\/strong> (Goodman Cancer Center)<br \/>Lien avec le Goodman Cancer Center et recrutement de pr\u00e9sentateurs<\/p>\r\n<!-- \/wp:paragraph --><\/div>\r\n<!-- \/wp:column -->\r\n\r\n<!-- wp:column -->\r\n<div class=\"wp-block-column\">\r\n<p><!-- wp:paragraph --><strong>Josette-Ren\u00e9e Landry<\/strong> (Institut du Savoir Montfort, Streamline Genomics, Universit\u00e9 de Montr\u00e9al)<br \/>Comptabilit\u00e9 et commandites<\/p>\r\n<!-- \/wp:paragraph --><\/div>\r\n<!-- \/wp:column -->\r\n\r\n<!-- wp:column -->\r\n<div class=\"wp-block-column\">\r\n<p><!-- wp:paragraph --><strong>Jean-Philippe Laverdure<\/strong> (IRIC),<br \/>Webmestre<\/p>\r\n<\/div>\r\n<\/div>\r\n<div class=\"wp-block-columns\"><!-- \/wp:paragraph -->\r\n\r\n<!-- wp:column -->\r\n<div class=\"wp-block-column\">\r\n<p><!-- wp:paragraph --><strong>Christian Poitras<\/strong> (IRCM)<br \/>Recrutement des pr\u00e9sentateurs en prot\u00e9omique<\/p>\r\n<!-- \/wp:paragraph --><\/div>\r\n<!-- \/wp:column -->\r\n\r\n<!-- wp:column -->\r\n<div class=\"wp-block-column\">\r\n<p><!-- wp:paragraph --><strong>Nadia Tahiri<\/strong> (Universit\u00e9 de Sherbrooke)<br \/>Lien avec l&rsquo;Universit\u00e9 de Sherbrooke et recrutement de pr\u00e9sentateurs<\/p>\r\n<!-- \/wp:paragraph --><\/div>\r\n<!-- \/wp:column --><\/div>\r\n<!-- \/wp:column -->\r\n\r\n<!-- wp:column -->\r\n<div class=\"wp-block-column\">\u00a0<\/div>\r\n<!-- \/wp:column -->\r\n\r\n<!-- wp:column -->\r\n<div class=\"wp-block-column\">\u00a0<\/div>\r\n<!-- \/wp:column --><!-- \/wp:columns -->\r\n\r\n<!-- wp:paragraph {\"fontSize\":\"medium\"} -->\r\n<p class=\"has-medium-font-size\"><span style=\"line-height: 1.5;\"><strong>Anciens membres:<\/strong><br \/><\/span><\/p>\r\n<!-- \/wp:paragraph -->\r\n<p><strong>Genevi\u00e8ve Boucher<\/strong>, IRIC<strong><br \/>Mona Parizadeh, <\/strong>Agriculture and Agri-Food Canada<strong><br \/>Alexis Blanchet-Cohen, <\/strong>CHU-Ste-Justine<strong><br \/>Alain Bateman,\u00a0<\/strong>Lady Davis Institute<strong><strong><br \/><strong>Alain Bataille<\/strong>,\u00a0<\/strong><\/strong>IRCM<strong><strong><br \/><strong>Assya Trofimov,<\/strong><\/strong><\/strong>\u00a0IRIC<strong><strong><br \/><strong>Mathieu Blanchette<\/strong>, <\/strong><\/strong>McGill Center for Bioinformatics (MCB)l<strong><strong><br \/><strong>J\u00e9r\u00f4me Waldisp\u00fchl<\/strong>, <\/strong><\/strong>McGill Center for Bioinformatics (MCB)<strong><strong><br \/><strong>Pierre-\u00c9tienne Jacques<\/strong>, <\/strong><\/strong>IRCM<strong><strong><br \/><strong>Rapha\u00ebl Gottardo<\/strong>, <\/strong><\/strong>IRCM<strong><strong><br \/><strong>S\u00e9bastien Lemieux<\/strong>,<\/strong><\/strong> IRIC<\/p>\r\n<p><strong>Brian Wilhelm<\/strong>, IRIC<\/p>\r\n<!-- \/wp:paragraph -->\r\n<p>[\/vc_column_text][\/vc_column][\/vc_row]<\/p><\/div>","protected":false},"excerpt":{"rendered":"<p>[vc_row][vc_column][vc_column_text bb_tab_container=\u00a0\u00bb\u00a0\u00bb] MonBUG (Groupe d&rsquo;int\u00e9r\u00eat en bio-informatique de Montr\u00e9al) est une association de chercheurs, professionnels et \u00e9tudiants de la grande r\u00e9gion de Montr\u00e9al qui partagent un int\u00e9r\u00eat pour la bio-informatique. \u00a0Au cours de nos rencontres, nous pr\u00e9sentons nos travaux, posons des questions et partageons nos id\u00e9es ainsi que des trucs et astuces pratiques. Pour conna\u00eetre [&hellip;]<\/p>\n","protected":false},"author":1,"featured_media":0,"parent":0,"menu_order":7,"comment_status":"closed","ping_status":"closed","template":"","meta":{"footnotes":""},"class_list":["post-20","page","type-page","status-publish"],"_links":{"self":[{"href":"https:\/\/monbug.ca\/fr\/wp-json\/wp\/v2\/pages\/20","targetHints":{"allow":["GET"]}}],"collection":[{"href":"https:\/\/monbug.ca\/fr\/wp-json\/wp\/v2\/pages"}],"about":[{"href":"https:\/\/monbug.ca\/fr\/wp-json\/wp\/v2\/types\/page"}],"author":[{"embeddable":true,"href":"https:\/\/monbug.ca\/fr\/wp-json\/wp\/v2\/users\/1"}],"replies":[{"embeddable":true,"href":"https:\/\/monbug.ca\/fr\/wp-json\/wp\/v2\/comments?post=20"}],"version-history":[{"count":49,"href":"https:\/\/monbug.ca\/fr\/wp-json\/wp\/v2\/pages\/20\/revisions"}],"predecessor-version":[{"id":2149,"href":"https:\/\/monbug.ca\/fr\/wp-json\/wp\/v2\/pages\/20\/revisions\/2149"}],"wp:attachment":[{"href":"https:\/\/monbug.ca\/fr\/wp-json\/wp\/v2\/media?parent=20"}],"curies":[{"name":"wp","href":"https:\/\/api.w.org\/{rel}","templated":true}]}}