{"id":24,"date":"2010-08-10T19:26:35","date_gmt":"2010-08-10T19:26:35","guid":{"rendered":"http:\/\/www.monbug.org\/dev\/"},"modified":"2020-12-29T09:32:01","modified_gmt":"2020-12-29T14:32:01","slug":"emplois","status":"publish","type":"page","link":"https:\/\/monbug.ca\/fr\/emplois\/","title":{"rendered":"Emplois"},"content":{"rendered":"<h2>Emplois \/ Stages Disponibles<\/h2>\n<p>Pour \u00eatre au courant de tous les affichages disponibles au Canada en bio-informatique, consultez le site de notre partenaire, <a href=\"http:\/\/www.bioinformatics.ca\">bioinformatics.ca<\/a>.<\/p>\n<p>Que vous soyez \u00e0 la recherche d&rsquo;un emploi, d&rsquo;un stage, ou d&rsquo;un poste d&rsquo;\u00e9tudiant gradu\u00e9, MonBUG est un bon endroit pour rencontrer des acteurs cl\u00e9s de la communaut\u00e9 bio-informatique et se cr\u00e9er des contacts. Si vous cherchez \u00e0 recruter, n&rsquo;h\u00e9sitez pas \u00e0 utiliser MonBUG pour rejoindre des bio-informaticiens aux parcours vari\u00e9s. Nous pouvons annoncer les postes \u00e0 combler au d\u00e9but de chaque rencontre. C&rsquo;est l&rsquo;endroit id\u00e9al pour rencontrer des candidats potentiels.<\/p>\n<p>&nbsp;<\/p>\n","protected":false},"excerpt":{"rendered":"<p>Emplois \/ Stages Disponibles Pour \u00eatre au courant de tous les affichages disponibles au Canada en bio-informatique, consultez le site de notre partenaire, bioinformatics.ca. Que vous soyez \u00e0 la recherche d&rsquo;un emploi, d&rsquo;un stage, ou d&rsquo;un poste d&rsquo;\u00e9tudiant gradu\u00e9, MonBUG est un bon endroit pour rencontrer des acteurs cl\u00e9s de la communaut\u00e9 bio-informatique et se [&hellip;]<\/p>\n","protected":false},"author":1,"featured_media":0,"parent":0,"menu_order":2,"comment_status":"closed","ping_status":"open","template":"","meta":{"footnotes":""},"class_list":["post-24","page","type-page","status-publish"],"_links":{"self":[{"href":"https:\/\/monbug.ca\/fr\/wp-json\/wp\/v2\/pages\/24","targetHints":{"allow":["GET"]}}],"collection":[{"href":"https:\/\/monbug.ca\/fr\/wp-json\/wp\/v2\/pages"}],"about":[{"href":"https:\/\/monbug.ca\/fr\/wp-json\/wp\/v2\/types\/page"}],"author":[{"embeddable":true,"href":"https:\/\/monbug.ca\/fr\/wp-json\/wp\/v2\/users\/1"}],"replies":[{"embeddable":true,"href":"https:\/\/monbug.ca\/fr\/wp-json\/wp\/v2\/comments?post=24"}],"version-history":[{"count":12,"href":"https:\/\/monbug.ca\/fr\/wp-json\/wp\/v2\/pages\/24\/revisions"}],"predecessor-version":[{"id":1736,"href":"https:\/\/monbug.ca\/fr\/wp-json\/wp\/v2\/pages\/24\/revisions\/1736"}],"wp:attachment":[{"href":"https:\/\/monbug.ca\/fr\/wp-json\/wp\/v2\/media?parent=24"}],"curies":[{"name":"wp","href":"https:\/\/api.w.org\/{rel}","templated":true}]}}